{"id":903,"date":"2023-11-21T11:38:20","date_gmt":"2023-11-21T10:38:20","guid":{"rendered":"https:\/\/sante-nutrition.be\/index.php\/contact\/"},"modified":"2023-11-22T15:26:55","modified_gmt":"2023-11-22T14:26:55","slug":"contact","status":"publish","type":"page","link":"https:\/\/sante-nutrition.be\/index.php\/contact\/","title":{"rendered":"Contact"},"content":{"rendered":"<div data-colibri-id=\"903-c1\" class=\"style-1163 style-local-903-c1 position-relative\">\n  <!---->\n  <div data-colibri-component=\"section\" data-colibri-id=\"903-c2\" id=\"custom\" class=\"h-section h-section-global-spacing d-flex align-items-lg-center align-items-md-center align-items-center style-1164 style-local-903-c2 position-relative\">\n    <!---->\n    <!---->\n    <div class=\"h-section-grid-container h-section-boxed-container\">\n      <!---->\n      <div data-colibri-id=\"903-c3\" class=\"h-row-container gutters-row-lg-2 gutters-row-md-2 gutters-row-0 gutters-row-v-lg-2 gutters-row-v-md-2 gutters-row-v-2 style-1165 style-local-903-c3 position-relative\">\n        <!---->\n        <div class=\"h-row justify-content-lg-center justify-content-md-center justify-content-center align-items-lg-stretch align-items-md-stretch align-items-stretch gutters-col-lg-2 gutters-col-md-2 gutters-col-0 gutters-col-v-lg-2 gutters-col-v-md-2 gutters-col-v-2\">\n          <!---->\n          <div class=\"h-column h-column-container d-flex h-col-lg-auto h-col-md-auto h-col-auto style-1166-outer style-local-903-c4-outer\">\n            <div data-colibri-id=\"903-c4\" class=\"d-flex h-flex-basis h-column__inner h-px-lg-2 h-px-md-2 h-px-2 v-inner-lg-2 v-inner-md-2 v-inner-2 style-1166 style-local-903-c4 position-relative\">\n              <!---->\n              <!---->\n              <div class=\"w-100 h-y-container h-column__content h-column__v-align flex-basis-100 align-self-lg-start align-self-md-start align-self-start\">\n                <!---->\n                <div data-colibri-id=\"903-c5\" class=\"h-global-transition-all h-heading style-1167 style-local-903-c5 position-relative h-element\">\n                  <!---->\n                  <div class=\"h-heading__outer style-1167 style-local-903-c5\">\n                    <!---->\n                    <!---->\n                    <h1 class=\"\">Contact<\/h1>\n                  <\/div>\n                <\/div>\n              <\/div>\n            <\/div>\n          <\/div>\n        <\/div>\n      <\/div>\n    <\/div>\n  <\/div>\n  <div data-colibri-component=\"section\" data-colibri-id=\"903-c24\" id=\"about\" class=\"h-section h-section-global-spacing d-flex align-items-lg-center align-items-md-center align-items-center style-1506 style-local-903-c24 position-relative\">\n    <!---->\n    <!---->\n    <div class=\"h-section-grid-container h-section-boxed-container\">\n      <!---->\n      <div data-colibri-id=\"903-c25\" class=\"h-row-container gutters-row-lg-0 gutters-row-md-0 gutters-row-0 gutters-row-v-lg-0 gutters-row-v-md-0 gutters-row-v-0 style-1507 style-local-903-c25 position-relative\">\n        <!---->\n        <div class=\"h-row justify-content-lg-center justify-content-md-center justify-content-center align-items-lg-stretch align-items-md-stretch align-items-stretch gutters-col-lg-0 gutters-col-md-0 gutters-col-0 gutters-col-v-lg-0 gutters-col-v-md-0 gutters-col-v-0\">\n          <!---->\n          <div class=\"h-column h-column-container d-flex h-col-lg-auto h-col-md-auto h-col-auto style-1508-outer style-local-903-c26-outer\">\n            <div data-colibri-id=\"903-c26\" class=\"d-flex h-flex-basis h-column__inner h-px-lg-0 h-px-md-0 h-px-0 v-inner-lg-0 v-inner-md-0 v-inner-0 style-1508 style-local-903-c26 position-relative\">\n              <!---->\n              <!---->\n              <div class=\"w-100 h-y-container h-column__content h-column__v-align flex-basis-100 align-self-lg-start align-self-md-start align-self-start\">\n                <!---->\n                <div data-colibri-id=\"903-c29\" class=\"h-text h-text-component style-1511 style-local-903-c29 position-relative h-element\">\n                  <!---->\n                  <!---->\n                  <div class=\"\">\n                    <p>Les moyens de me contacter sont nombreux : n&#8217;h\u00e9sitez pas ! Je me ferai un plaisir de r\u00e9pondre \u00e0 vos questions sur les rendez-vous, sur votre alimentation ou sur vos m\u00e9dicaments.<\/p>\n                  <\/div>\n                <\/div>\n              <\/div>\n            <\/div>\n          <\/div>\n          <div class=\"h-column h-column-container d-flex h-col-lg-auto h-col-md-auto h-col-auto style-1512-outer style-local-903-c30-outer\">\n            <div data-colibri-id=\"903-c30\" class=\"d-flex h-flex-basis h-column__inner h-ui-empty-state-container h-px-lg-2 h-px-md-2 h-px-2 v-inner-lg-2 v-inner-md-2 v-inner-2 style-1512 style-local-903-c30 position-relative\">\n              <!---->\n              <!---->\n              <div class=\"w-100 h-y-container h-column__content h-column__v-align flex-basis-100\">\n                <!---->\n              <\/div>\n            <\/div>\n          <\/div>\n        <\/div>\n      <\/div>\n    <\/div>\n  <\/div>\n  <div data-colibri-component=\"section\" data-colibri-id=\"903-c6\" id=\"overlappable\" class=\"h-section h-section-global-spacing d-flex align-items-lg-center align-items-md-center align-items-center style-1192 style-local-903-c6 position-relative\">\n    <!---->\n    <!---->\n    <div class=\"h-section-grid-container h-section-boxed-container\">\n      <!---->\n      <div data-colibri-id=\"903-c7\" class=\"h-row-container gutters-row-lg-0 gutters-row-md-0 gutters-row-2 gutters-row-v-lg-0 gutters-row-v-md-0 gutters-row-v-2 style-1193 style-local-903-c7 position-relative\">\n        <!---->\n        <div class=\"h-row justify-content-lg-center justify-content-md-center justify-content-center align-items-lg-stretch align-items-md-stretch align-items-stretch gutters-col-lg-0 gutters-col-md-0 gutters-col-2 gutters-col-v-lg-0 gutters-col-v-md-0 gutters-col-v-2\">\n          <!---->\n          <div class=\"h-column h-column-container d-flex h-col-lg-3 h-col-md-3 h-col-12 style-1194-outer style-local-903-c8-outer\">\n            <div data-colibri-id=\"903-c8\" class=\"d-flex h-flex-basis h-column__inner h-px-lg-3 h-px-md-3 h-px-2 v-inner-lg-3 v-inner-md-3 v-inner-2 style-1194 style-local-903-c8 position-relative\">\n              <!---->\n              <!---->\n              <div class=\"w-100 h-y-container h-column__content h-column__v-align flex-basis-100 align-self-lg-center align-self-md-center align-self-center\">\n                <!---->\n                <div data-colibri-id=\"903-c9\" class=\"h-icon style-1195 style-local-903-c9 position-relative h-element\">\n                  <!----><span class=\"h-svg-icon h-icon__icon style-1195-icon style-local-903-c9-icon\"><!--Icon by Font Awesome (https:\/\/fontawesome.com)-->\n    <svg version=\"1.1\" xmlns=\"http:\/\/www.w3.org\/2000\/svg\" xmlns:xlink=\"http:\/\/www.w3.org\/1999\/xlink\" id=\"location-arrow\" viewBox=\"0 0 1408 1896.0833\">\n      <path d=\"M1401 349L761 1629q-17 35-57 35-5 0-15-2-22-5-35.5-22.5T640 1600v-576H64q-22 0-39.5-13.5T2 975t4-42 29-30l1280-640q13-7 29-7 27 0 45 19 15 14 18.5 34.5T1401 349z\"><\/path>\n    <\/svg><\/span><\/div>\n                <div data-colibri-id=\"903-c10\" class=\"h-global-transition-all h-heading style-1196 style-local-903-c10 position-relative h-element\">\n                  <!---->\n                  <div class=\"h-heading__outer style-1196 style-local-903-c10\">\n                    <!---->\n                    <!---->\n                    <h5 class=\"\">Centre holis<\/h5>\n                  <\/div>\n                <\/div>\n                <div data-colibri-id=\"903-c11\" class=\"h-text h-text-component style-1197 style-local-903-c11 position-relative h-element\">\n                  <!---->\n                  <!---->\n                  <div class=\"\">\n                    <p>Le Centre Holis est situ\u00e9 Chauss\u00e9e de Namur, 35A \u00e0 1367 Ramillies. Je m&#8217;y rends les mardi, mercredi et vendredi de 8h \u00e0 20h, sur rendez-vous<\/p>\n                  <\/div>\n                <\/div>\n              <\/div>\n            <\/div>\n          <\/div>\n          <div class=\"h-column h-column-container d-flex h-col-lg-3 h-col-md-3 h-col-12 style-1194-outer style-local-903-c12-outer\">\n            <div data-colibri-id=\"903-c12\" class=\"d-flex h-flex-basis h-column__inner h-px-lg-3 h-px-md-3 h-px-2 v-inner-lg-3 v-inner-md-3 v-inner-2 style-1194 style-local-903-c12 position-relative\">\n              <!---->\n              <!---->\n              <div class=\"w-100 h-y-container h-column__content h-column__v-align flex-basis-100 align-self-lg-center align-self-md-center align-self-center\">\n                <!---->\n                <div data-colibri-id=\"903-c13\" class=\"h-icon style-1195 style-local-903-c13 position-relative h-element\">\n                  <!----><span class=\"h-svg-icon h-icon__icon style-1195-icon style-local-903-c13-icon\"><!--Icon by Font Awesome (https:\/\/fontawesome.com)-->\n    <svg version=\"1.1\" xmlns=\"http:\/\/www.w3.org\/2000\/svg\" xmlns:xlink=\"http:\/\/www.w3.org\/1999\/xlink\" id=\"envelope-o\" viewBox=\"0 0 1792 1896.0833\">\n      <path d=\"M1664 1504V736q-32 36-69 66-268 206-426 338-51 43-83 67t-86.5 48.5T897 1280h-2q-48 0-102.5-24.5T706 1207t-83-67q-158-132-426-338-37-30-69-66v768q0 13 9.5 22.5t22.5 9.5h1472q13 0 22.5-9.5t9.5-22.5zm0-1051v-24.5l-.5-13-3-12.5-5.5-9-9-7.5-14-2.5H160q-13 0-22.5 9.5T128 416q0 168 147 284 193 152 401 317 6 5 35 29.5t46 37.5 44.5 31.5T852 1143t43 9h2q20 0 43-9t50.5-27.5 44.5-31.5 46-37.5 35-29.5q208-165 401-317 54-43 100.5-115.5T1664 453zm128-37v1088q0 66-47 113t-113 47H160q-66 0-113-47T0 1504V416q0-66 47-113t113-47h1472q66 0 113 47t47 113z\"><\/path>\n    <\/svg><\/span><\/div>\n                <div data-colibri-id=\"903-c14\" class=\"h-global-transition-all h-heading style-1196 style-local-903-c14 position-relative h-element\">\n                  <!---->\n                  <div class=\"h-heading__outer style-1196 style-local-903-c14\">\n                    <!---->\n                    <!---->\n                    <h5 class=\"\">e-MAIL<\/h5>\n                  <\/div>\n                <\/div>\n                <div data-colibri-id=\"903-c15\" class=\"h-text h-text-component style-1197 style-local-903-c15 position-relative h-element\">\n                  <!---->\n                  <!---->\n                  <div class=\"\">\n                    <p>Vous pouvez m&#8217;envoyer vos documents (prise de sang ou autre), m&#8217;adresser vos check-list .. via l&#8217;adresse e-mail : pierardflorine.nutri@hotmail.com<\/p>\n                  <\/div>\n                <\/div>\n              <\/div>\n            <\/div>\n          <\/div>\n          <div class=\"h-column h-column-container d-flex h-col-lg-3 h-col-md-3 h-col-12 style-1194-outer style-local-903-c16-outer\">\n            <div data-colibri-id=\"903-c16\" class=\"d-flex h-flex-basis h-column__inner h-px-lg-3 h-px-md-3 h-px-2 v-inner-lg-3 v-inner-md-3 v-inner-2 style-1194 style-local-903-c16 position-relative\">\n              <!---->\n              <!---->\n              <div class=\"w-100 h-y-container h-column__content h-column__v-align flex-basis-100 align-self-lg-center align-self-md-center align-self-center\">\n                <!---->\n                <div data-colibri-id=\"903-c17\" class=\"h-icon style-1195 style-local-903-c17 position-relative h-element\">\n                  <!----><span class=\"h-svg-icon h-icon__icon style-1195-icon style-local-903-c17-icon\"><!--Icon by Font Awesome (https:\/\/fontawesome.com)-->\n    <svg version=\"1.1\" xmlns=\"http:\/\/www.w3.org\/2000\/svg\" xmlns:xlink=\"http:\/\/www.w3.org\/1999\/xlink\" id=\"phone\" viewBox=\"0 0 1408 1896.0833\">\n      <path d=\"M1408 1240q0 27-10 70.5t-21 68.5q-21 50-122 106-94 51-186 51-27 0-53-3.5t-57.5-12.5-47-14.5T856 1485t-49-18q-98-35-175-83-127-79-264-216T152 904q-48-77-83-175-3-9-18-49t-20.5-55.5-14.5-47T3.5 520 0 467q0-92 51-186 56-101 106-122 25-11 68.5-21t70.5-10q14 0 21 3 18 6 53 76 11 19 30 54t35 63.5 31 53.5q3 4 17.5 25t21.5 35.5 7 28.5q0 20-28.5 50t-62 55-62 53-28.5 46q0 9 5 22.5t8.5 20.5 14 24 11.5 19q76 137 174 235t235 174q2 1 19 11.5t24 14 20.5 8.5 22.5 5q18 0 46-28.5t53-62 55-62 50-28.5q14 0 28.5 7t35.5 21.5 25 17.5q25 15 53.5 31t63.5 35 54 30q70 35 76 53 3 7 3 21z\"><\/path>\n    <\/svg><\/span><\/div>\n                <div data-colibri-id=\"903-c18\" class=\"h-global-transition-all h-heading style-1196 style-local-903-c18 position-relative h-element\">\n                  <!---->\n                  <div class=\"h-heading__outer style-1196 style-local-903-c18\">\n                    <!---->\n                    <!---->\n                    <h5 class=\"\">T\u00e9l\u00e9phone<\/h5>\n                  <\/div>\n                <\/div>\n                <div data-colibri-id=\"903-c19\" class=\"h-text h-text-component style-1197 style-local-903-c19 position-relative h-element\">\n                  <!---->\n                  <!---->\n                  <div class=\"\">\n                    <p>Je suis joignable par t\u00e9l\u00e9phone au 0471\/10.23.63.\n                      <br>N&#8217;h\u00e9sitez pas \u00e0 laisser un message et je vous rappellerai d\u00e8s que possible.<\/p>\n                  <\/div>\n                <\/div>\n              <\/div>\n            <\/div>\n          <\/div>\n          <div class=\"h-column h-column-container d-flex h-col-lg-3 h-col-md-3 h-col-12 style-1198-outer style-local-903-c20-outer\">\n            <div data-colibri-id=\"903-c20\" class=\"d-flex h-flex-basis h-column__inner h-px-lg-3 h-px-md-3 h-px-2 v-inner-lg-3 v-inner-md-3 v-inner-2 style-1198 style-local-903-c20 position-relative\">\n              <!---->\n              <!---->\n              <div class=\"w-100 h-y-container h-column__content h-column__v-align flex-basis-100 align-self-lg-center align-self-md-center align-self-center\">\n                <!---->\n                <div data-colibri-id=\"903-c21\" class=\"h-icon style-1195 style-local-903-c21 position-relative h-element\">\n                  <!----><span class=\"h-svg-icon h-icon__icon style-1195-icon style-local-903-c21-icon\"><!--Icon by Font Awesome (https:\/\/fontawesome.com)-->\n    <svg version=\"1.1\" xmlns=\"http:\/\/www.w3.org\/2000\/svg\" xmlns:xlink=\"http:\/\/www.w3.org\/1999\/xlink\" id=\"facebook-square\" viewBox=\"0 0 1536 1896.0833\">\n      <path d=\"M1248 128q119 0 203.5 84.5T1536 416v960q0 119-84.5 203.5T1248 1664h-188v-595h199l30-232h-229V689q0-56 23.5-84t91.5-28l122-1V369q-63-9-178-9-136 0-217.5 80T820 666v171H620v232h200v595H288q-119 0-203.5-84.5T0 1376V416q0-119 84.5-203.5T288 128h960z\"><\/path>\n    <\/svg><\/span><\/div>\n                <div data-colibri-id=\"903-c22\" class=\"h-global-transition-all h-heading style-1196 style-local-903-c22 position-relative h-element\">\n                  <!---->\n                  <div class=\"h-heading__outer style-1196 style-local-903-c22\">\n                    <!---->\n                    <!---->\n                    <h5 class=\"\">R\u00e9seaux sociaux<\/h5>\n                  <\/div>\n                <\/div>\n                <div data-colibri-id=\"903-c23\" class=\"h-text h-text-component style-1197 style-local-903-c23 position-relative h-element\">\n                  <!---->\n                  <!---->\n                  <div class=\"\">\n                    <p><span style=\"color: rgb(70, 112, 127); font-family: &quot;Open Sans&quot;; font-size: 16px; font-weight: 400;\">Je dispose d&#8217;une page Facebook et d&#8217;une page Instagram sur lesquelles vous pouvez retrouver du contenu compl\u00e9mentaire \u00e0 celui du site. <\/span><\/p>\n                  <\/div>\n                <\/div>\n              <\/div>\n            <\/div>\n          <\/div>\n        <\/div>\n      <\/div>\n    <\/div>\n  <\/div>\n<\/div>","protected":false},"excerpt":{"rendered":"<p>Contact Les moyens de me contacter sont nombreux : n&#8217;h\u00e9sitez pas ! Je me ferai un plaisir de r\u00e9pondre \u00e0 vos questions sur les rendez-vous, sur votre alimentation ou sur vos m\u00e9dicaments. Centre holis Le Centre Holis est situ\u00e9 Chauss\u00e9e de Namur, 35A \u00e0 1367 Ramillies. Je m&#8217;y rends les mardi, mercredi et vendredi de [&hellip;]<\/p>\n","protected":false},"author":1,"featured_media":0,"parent":0,"menu_order":0,"comment_status":"closed","ping_status":"closed","template":"page-templates\/full-width-page.php","meta":{"footnotes":""},"class_list":["post-903","page","type-page","status-publish","hentry"],"_links":{"self":[{"href":"https:\/\/sante-nutrition.be\/index.php\/wp-json\/wp\/v2\/pages\/903","targetHints":{"allow":["GET"]}}],"collection":[{"href":"https:\/\/sante-nutrition.be\/index.php\/wp-json\/wp\/v2\/pages"}],"about":[{"href":"https:\/\/sante-nutrition.be\/index.php\/wp-json\/wp\/v2\/types\/page"}],"author":[{"embeddable":true,"href":"https:\/\/sante-nutrition.be\/index.php\/wp-json\/wp\/v2\/users\/1"}],"replies":[{"embeddable":true,"href":"https:\/\/sante-nutrition.be\/index.php\/wp-json\/wp\/v2\/comments?post=903"}],"version-history":[{"count":2,"href":"https:\/\/sante-nutrition.be\/index.php\/wp-json\/wp\/v2\/pages\/903\/revisions"}],"predecessor-version":[{"id":1318,"href":"https:\/\/sante-nutrition.be\/index.php\/wp-json\/wp\/v2\/pages\/903\/revisions\/1318"}],"wp:attachment":[{"href":"https:\/\/sante-nutrition.be\/index.php\/wp-json\/wp\/v2\/media?parent=903"}],"curies":[{"name":"wp","href":"https:\/\/api.w.org\/{rel}","templated":true}]}}