{"id":1554,"date":"2024-01-10T11:15:29","date_gmt":"2024-01-10T10:15:29","guid":{"rendered":"https:\/\/sante-nutrition.be\/?page_id=1554"},"modified":"2025-12-17T16:40:45","modified_gmt":"2025-12-17T15:40:45","slug":"le-chocolat-noir","status":"publish","type":"page","link":"https:\/\/sante-nutrition.be\/index.php\/le-chocolat-noir\/","title":{"rendered":"Le chocolat noir"},"content":{"rendered":"<div data-colibri-id=\"1554-c1\" class=\"style-1702 style-local-1554-c1 position-relative\">\n  <!---->\n  <div data-colibri-component=\"section\" data-colibri-id=\"1554-c2\" id=\"about\" class=\"h-section h-section-global-spacing d-flex align-items-lg-center align-items-md-center align-items-center style-1703 style-local-1554-c2 position-relative\">\n    <!---->\n    <!---->\n    <div class=\"h-section-grid-container h-section-boxed-container\">\n      <!---->\n      <div data-colibri-id=\"1554-c3\" class=\"h-row-container gutters-row-lg-1 gutters-row-md-1 gutters-row-0 gutters-row-v-lg-1 gutters-row-v-md-1 gutters-row-v-1 style-1704 style-local-1554-c3 position-relative\">\n        <!---->\n        <div class=\"h-row justify-content-lg-center justify-content-md-center justify-content-center align-items-lg-stretch align-items-md-stretch align-items-stretch gutters-col-lg-1 gutters-col-md-1 gutters-col-0 gutters-col-v-lg-1 gutters-col-v-md-1 gutters-col-v-1\">\n          <!---->\n          <div class=\"h-column h-column-container d-flex h-col-lg-6 h-col-md-6 h-col-12 style-1706-outer style-local-1554-c5-outer\">\n            <div data-colibri-id=\"1554-c5\" class=\"d-flex h-flex-basis h-column__inner h-px-lg-2 h-px-md-2 h-px-2 v-inner-lg-2 v-inner-md-2 v-inner-2 style-1706 style-local-1554-c5 position-relative\">\n              <!---->\n              <!---->\n              <div class=\"w-100 h-y-container h-column__content h-column__v-align flex-basis-100 align-self-lg-center align-self-md-center align-self-center\">\n                <!---->\n                <div data-colibri-id=\"1554-c6\" class=\"h-text h-text-component style-1709 style-local-1554-c6 position-relative h-element\">\n                  <!---->\n                  <!---->\n                  <div class=\"\">\n                    <p>En ce jour de Saint-Nicolas, mettons \u00e0 l\u2019honneur un aliment r\u00e9confortant qui plaira \u00e0 une majorit\u00e9 d\u2019entre vous : le chocolat noir.<\/p>\n                    <p>Riche en magn\u00e9sium, mais \u00e9galement en tryptophane, le chocolat noir est associ\u00e9 \u00e0 la d\u00e9tente et la bonne qualit\u00e9 du sommeil.<\/p>\n                    <p>La meilleure mani\u00e8re de la consommer est de manger un carr\u00e9 de chocolat noir au go\u00fbter, avec une poign\u00e9e de fruits ol\u00e9agineux, un fruit frais ou un yaourt. En effet, \u00e0 cette p\u00e9riode de la journ\u00e9e, cela facilitera la synth\u00e8se de la\n                      s\u00e9rotonine, un neurotransmetteur impliqu\u00e9 dans la bonne humeur.<\/p>\n                    <p>Profitez-en bien, maintenant que vous connaissez les bienfaits de cet aliment!<\/p>\n                  <\/div>\n                <\/div>\n              <\/div>\n            <\/div>\n          <\/div>\n        <\/div>\n      <\/div>\n    <\/div>\n  <\/div>\n  <div data-colibri-component=\"section\" data-colibri-id=\"1554-c15\" id=\"custom-2\" class=\"h-section h-section-global-spacing d-flex align-items-lg-center align-items-md-center align-items-center style-1718 style-local-1554-c15 position-relative\">\n    <!---->\n    <!---->\n    <div class=\"h-section-grid-container h-section-boxed-container\">\n      <!---->\n      <div data-colibri-id=\"1554-c16\" class=\"h-row-container gutters-row-lg-2 gutters-row-md-2 gutters-row-0 gutters-row-v-lg-2 gutters-row-v-md-2 gutters-row-v-2 style-1719 style-local-1554-c16 position-relative\">\n        <!---->\n        <div class=\"h-row justify-content-lg-center justify-content-md-center justify-content-center align-items-lg-stretch align-items-md-stretch align-items-stretch gutters-col-lg-2 gutters-col-md-2 gutters-col-0 gutters-col-v-lg-2 gutters-col-v-md-2 gutters-col-v-2\">\n          <!---->\n          <div class=\"h-column h-column-container d-flex h-col-lg-auto h-col-md-auto h-col-auto style-1720-outer style-local-1554-c17-outer\">\n            <div data-colibri-id=\"1554-c17\" class=\"d-flex h-flex-basis h-column__inner h-px-lg-2 h-px-md-2 h-px-2 v-inner-lg-2 v-inner-md-2 v-inner-2 style-1720 style-local-1554-c17 position-relative\">\n              <!---->\n              <!---->\n              <div class=\"w-100 h-y-container h-column__content h-column__v-align flex-basis-100 align-self-lg-start align-self-md-start align-self-start\">\n                <!---->\n                <div data-colibri-id=\"1554-c18\" class=\"h-global-transition-all h-heading style-1723 style-local-1554-c18 position-relative h-element\">\n                  <!---->\n                  <div class=\"h-heading__outer style-1723 style-local-1554-c18\">\n                    <!---->\n                    <!---->\n                    <h5 class=\"\">Pour le plaisir<\/h5>\n                  <\/div>\n                <\/div>\n                <div data-colibri-id=\"1554-c19\" class=\"h-text h-text-component style-1726 style-local-1554-c19 position-relative h-element\">\n                  <!---->\n                  <!---->\n                  <div class=\"\">\n                    <p>Le chocolat est associ\u00e9 \u00e0 la gourmandise : selon sa nature et sa teneur en cacao, les go\u00fbts diff\u00e8rent. Il est associ\u00e9 \u00e0 des nombreux desserts et se marie avec un tas de saveurs.<\/p>\n                  <\/div>\n                <\/div>\n              <\/div>\n            <\/div>\n          <\/div>\n          <div class=\"h-column h-column-container d-flex h-col-lg-auto h-col-md-auto h-col-auto style-1721-outer style-local-1554-c20-outer\">\n            <div data-colibri-id=\"1554-c20\" class=\"d-flex h-flex-basis h-column__inner h-px-lg-2 h-px-md-2 h-px-2 v-inner-lg-2 v-inner-md-2 v-inner-2 style-1721 style-local-1554-c20 position-relative\">\n              <!---->\n              <!---->\n              <div class=\"w-100 h-y-container h-column__content h-column__v-align flex-basis-100 align-self-lg-start align-self-md-start align-self-start\">\n                <!---->\n                <div data-colibri-id=\"1554-c21\" class=\"h-global-transition-all h-heading style-1724 style-local-1554-c21 position-relative h-element\">\n                  <!---->\n                  <div class=\"h-heading__outer style-1724 style-local-1554-c21\">\n                    <!---->\n                    <!---->\n                    <h5 class=\"\">Pour la sant\u00e9<\/h5>\n                  <\/div>\n                <\/div>\n                <div data-colibri-id=\"1554-c22\" class=\"h-text h-text-component style-1727 style-local-1554-c22 position-relative h-element\">\n                  <!---->\n                  <!---->\n                  <div class=\"\">\n                    <p>Les effets sur la sant\u00e9 cardio-vasculaire sont prouv\u00e9s gr\u00e2ce \u00e0 sa richesse en polyph\u00e9nols et mol\u00e9cules antioxydantes. C&#8217;est \u00e9galement un aliment anti-stress gr\u00e2ce au magn\u00e9sium et au tryptophane qu&#8217;il contient.&nbsp;<\/p>\n                  <\/div>\n                <\/div>\n              <\/div>\n            <\/div>\n          <\/div>\n          <div class=\"h-column h-column-container d-flex h-col-lg-auto h-col-md-auto h-col-auto style-1722-outer style-local-1554-c23-outer\">\n            <div data-colibri-id=\"1554-c23\" class=\"d-flex h-flex-basis h-column__inner h-px-lg-2 h-px-md-2 h-px-2 v-inner-lg-2 v-inner-md-2 v-inner-2 style-1722 style-local-1554-c23 position-relative\">\n              <!---->\n              <!---->\n              <div class=\"w-100 h-y-container h-column__content h-column__v-align flex-basis-100 align-self-lg-start align-self-md-start align-self-start\">\n                <!---->\n                <div data-colibri-id=\"1554-c24\" class=\"h-global-transition-all h-heading style-1725 style-local-1554-c24 position-relative h-element\">\n                  <!---->\n                  <div class=\"h-heading__outer style-1725 style-local-1554-c24\">\n                    <!---->\n                    <!---->\n                    <h5 class=\"\">Pour la plan\u00e8te<\/h5>\n                  <\/div>\n                <\/div>\n                <div data-colibri-id=\"1554-c25\" class=\"h-text h-text-component style-1728 style-local-1554-c25 position-relative h-element\">\n                  <!---->\n                  <!---->\n                  <div class=\"\">\n                    <p>On choisira toujours un chocolat le moins transform\u00e9 possible et dont le cacao provient d&#8217;une agriculture respectueuse de la plan\u00e8te.<\/p>\n                  <\/div>\n                <\/div>\n              <\/div>\n            <\/div>\n          <\/div>\n        <\/div>\n      <\/div>\n    <\/div>\n  <\/div>\n  <div data-colibri-component=\"section\" data-colibri-id=\"1554-c26\" id=\"custom-3\" class=\"h-section h-section-global-spacing d-flex align-items-lg-center align-items-md-center align-items-center style-1729 style-local-1554-c26 position-relative\">\n    <!---->\n    <!---->\n    <div class=\"h-section-grid-container h-section-boxed-container\">\n      <!---->\n      <div data-colibri-id=\"1554-c27\" class=\"h-row-container gutters-row-lg-2 gutters-row-md-2 gutters-row-0 gutters-row-v-lg-2 gutters-row-v-md-2 gutters-row-v-2 style-1733 style-local-1554-c27 position-relative\">\n        <!---->\n        <div class=\"h-row justify-content-lg-center justify-content-md-center justify-content-center align-items-lg-stretch align-items-md-stretch align-items-stretch gutters-col-lg-2 gutters-col-md-2 gutters-col-0 gutters-col-v-lg-2 gutters-col-v-md-2 gutters-col-v-2\">\n          <!---->\n          <div class=\"h-column h-column-container d-flex h-col-lg-auto h-col-md-auto h-col-auto style-1734-outer style-local-1554-c28-outer\">\n            <div data-colibri-id=\"1554-c28\" class=\"d-flex h-flex-basis h-column__inner h-px-lg-2 h-px-md-2 h-px-2 v-inner-lg-2 v-inner-md-2 v-inner-2 style-1734 style-local-1554-c28 position-relative\">\n              <!---->\n              <!---->\n              <div class=\"w-100 h-y-container h-column__content h-column__v-align flex-basis-100 align-self-lg-start align-self-md-start align-self-start\">\n                <!---->\n                <div data-colibri-id=\"1554-c29\" class=\"h-global-transition-all h-heading style-1735 style-local-1554-c29 position-relative h-element\">\n                  <!---->\n                  <div class=\"h-heading__outer style-1735 style-local-1554-c29\">\n                    <!---->\n                    <!---->\n                    <h3 class=\"\">Et les autres chocolats ?&nbsp;<\/h3>\n                  <\/div>\n                <\/div>\n              <\/div>\n            <\/div>\n          <\/div>\n        <\/div>\n      <\/div>\n      <div data-colibri-id=\"1554-c30\" class=\"h-row-container gutters-row-lg-2 gutters-row-md-2 gutters-row-0 gutters-row-v-lg-2 gutters-row-v-md-2 gutters-row-v-2 style-1730 style-local-1554-c30 position-relative\">\n        <!---->\n        <div class=\"h-row justify-content-lg-center justify-content-md-center justify-content-center align-items-lg-stretch align-items-md-stretch align-items-stretch gutters-col-lg-2 gutters-col-md-2 gutters-col-0 gutters-col-v-lg-2 gutters-col-v-md-2 gutters-col-v-2\">\n          <!---->\n          <div class=\"h-column h-column-container d-flex h-col-lg-auto h-col-md-auto h-col-auto style-1731-outer style-local-1554-c31-outer\">\n            <div data-colibri-id=\"1554-c31\" class=\"d-flex h-flex-basis h-column__inner h-px-lg-2 h-px-md-2 h-px-2 v-inner-lg-2 v-inner-md-2 v-inner-2 style-1731 style-local-1554-c31 position-relative\">\n              <!---->\n              <!---->\n              <div class=\"w-100 h-y-container h-column__content h-column__v-align flex-basis-100 align-self-lg-start align-self-md-start align-self-start\">\n                <!---->\n                <div data-colibri-id=\"1554-c32\" class=\"h-text h-text-component style-1732 style-local-1554-c32 position-relative h-element\">\n                  <!---->\n                  <!---->\n                  <div class=\"\">\n                    <p>Les effets sant\u00e9 du chocolat noir ne sont pas applicables au chocolat au lait, au chocolat blanc ou encore aux p\u00e2tes \u00e0 tartiner industrielles. En effet, tous ces aliments sont souvent tr\u00e8s riches en sucres rajout\u00e9s et en graisses satur\u00e9es,\n                      deux ennemis de notre sant\u00e9 ! On s&#8217;oriente donc uniquement vers du chocolat \u00e0 plus de 70% de teneur en cacao.<\/p>\n                  <\/div>\n                <\/div>\n              <\/div>\n            <\/div>\n          <\/div>\n        <\/div>\n      <\/div>\n    <\/div>\n  <\/div>\n<\/div>","protected":false},"excerpt":{"rendered":"<p>En ce jour de Saint-Nicolas, mettons \u00e0 l\u2019honneur un aliment r\u00e9confortant qui plaira \u00e0 une majorit\u00e9 d\u2019entre vous : le chocolat noir. Riche en magn\u00e9sium, mais \u00e9galement en tryptophane, le chocolat noir est associ\u00e9 \u00e0 la d\u00e9tente et la bonne qualit\u00e9 du sommeil. La meilleure mani\u00e8re de la consommer est de manger un carr\u00e9 de [&hellip;]<\/p>\n","protected":false},"author":1,"featured_media":0,"parent":0,"menu_order":0,"comment_status":"closed","ping_status":"closed","template":"page-templates\/full-width-page.php","meta":{"footnotes":""},"class_list":["post-1554","page","type-page","status-publish","hentry"],"_links":{"self":[{"href":"https:\/\/sante-nutrition.be\/index.php\/wp-json\/wp\/v2\/pages\/1554","targetHints":{"allow":["GET"]}}],"collection":[{"href":"https:\/\/sante-nutrition.be\/index.php\/wp-json\/wp\/v2\/pages"}],"about":[{"href":"https:\/\/sante-nutrition.be\/index.php\/wp-json\/wp\/v2\/types\/page"}],"author":[{"embeddable":true,"href":"https:\/\/sante-nutrition.be\/index.php\/wp-json\/wp\/v2\/users\/1"}],"replies":[{"embeddable":true,"href":"https:\/\/sante-nutrition.be\/index.php\/wp-json\/wp\/v2\/comments?post=1554"}],"version-history":[{"count":3,"href":"https:\/\/sante-nutrition.be\/index.php\/wp-json\/wp\/v2\/pages\/1554\/revisions"}],"predecessor-version":[{"id":2191,"href":"https:\/\/sante-nutrition.be\/index.php\/wp-json\/wp\/v2\/pages\/1554\/revisions\/2191"}],"wp:attachment":[{"href":"https:\/\/sante-nutrition.be\/index.php\/wp-json\/wp\/v2\/media?parent=1554"}],"curies":[{"name":"wp","href":"https:\/\/api.w.org\/{rel}","templated":true}]}}