{"id":1173,"date":"2023-11-22T11:24:22","date_gmt":"2023-11-22T10:24:22","guid":{"rendered":"https:\/\/sante-nutrition.be\/index.php\/les-champignons\/"},"modified":"2025-12-17T16:32:05","modified_gmt":"2025-12-17T15:32:05","slug":"les-champignons","status":"publish","type":"page","link":"https:\/\/sante-nutrition.be\/index.php\/les-champignons\/","title":{"rendered":"Les champignons"},"content":{"rendered":"<div data-colibri-id=\"1173-c1\" class=\"style-1529 style-local-1173-c1 position-relative\">\n  <!---->\n  <div data-colibri-component=\"section\" data-colibri-id=\"1173-c2\" id=\"about\" class=\"h-section h-section-global-spacing d-flex align-items-lg-center align-items-md-center align-items-center style-1530 style-local-1173-c2 position-relative\">\n    <!---->\n    <!---->\n    <div class=\"h-section-grid-container h-section-boxed-container\">\n      <!---->\n      <div data-colibri-id=\"1173-c3\" class=\"h-row-container gutters-row-lg-0 gutters-row-md-0 gutters-row-0 gutters-row-v-lg-0 gutters-row-v-md-0 gutters-row-v-0 style-1531 style-local-1173-c3 position-relative\">\n        <!---->\n        <div class=\"h-row justify-content-lg-center justify-content-md-center justify-content-center align-items-lg-stretch align-items-md-stretch align-items-stretch gutters-col-lg-0 gutters-col-md-0 gutters-col-0 gutters-col-v-lg-0 gutters-col-v-md-0 gutters-col-v-0\">\n          <!---->\n          <div class=\"h-column h-column-container d-flex h-col-lg-auto h-col-md-auto h-col-auto style-1533-outer style-local-1173-c5-outer\">\n            <div data-colibri-id=\"1173-c5\" class=\"d-flex h-flex-basis h-column__inner h-px-lg-2 h-px-md-2 h-px-2 v-inner-lg-2 v-inner-md-2 v-inner-2 style-1533 style-local-1173-c5 position-relative\">\n              <!---->\n              <!---->\n              <div class=\"w-100 h-y-container h-column__content h-column__v-align flex-basis-100 align-self-lg-start align-self-md-start align-self-start\">\n                <!---->\n                <div data-colibri-id=\"1173-c6\" class=\"h-text h-text-component style-1536 style-local-1173-c6 position-relative h-element\">\n                  <!---->\n                  <!---->\n                  <div class=\"\">\n                    <p>Les champignons&nbsp;<\/p>\n                  <\/div>\n                <\/div>\n              <\/div>\n            <\/div>\n          <\/div>\n        <\/div>\n      <\/div>\n    <\/div>\n  <\/div>\n  <div data-colibri-component=\"section\" data-colibri-id=\"1173-c7\" id=\"custom\" class=\"h-section h-section-global-spacing d-flex align-items-lg-center align-items-md-center align-items-center style-1537 style-local-1173-c7 position-relative\">\n    <!---->\n    <!---->\n    <div class=\"h-section-grid-container h-section-fluid-container\">\n      <!---->\n      <div data-colibri-id=\"1173-c8\" class=\"h-row-container gutters-row-lg-2 gutters-row-md-2 gutters-row-0 gutters-row-v-lg-2 gutters-row-v-md-2 gutters-row-v-2 style-1538 style-local-1173-c8 position-relative\">\n        <!---->\n        <div class=\"h-row justify-content-lg-center justify-content-md-center justify-content-center align-items-lg-stretch align-items-md-stretch align-items-stretch gutters-col-lg-2 gutters-col-md-2 gutters-col-0 gutters-col-v-lg-2 gutters-col-v-md-2 gutters-col-v-2\">\n          <!---->\n          <div class=\"h-column h-column-container d-flex h-col-lg-auto h-col-md-auto h-col-auto style-1539-outer style-local-1173-c9-outer\">\n            <div data-colibri-id=\"1173-c9\" class=\"d-flex h-flex-basis h-column__inner h-ui-empty-state-container h-px-lg-2 h-px-md-2 h-px-2 v-inner-lg-2 v-inner-md-2 v-inner-2 style-1539 style-local-1173-c9 position-relative\">\n              <!---->\n              <!---->\n              <div class=\"w-100 h-y-container h-column__content h-column__v-align flex-basis-100\">\n                <!---->\n              <\/div>\n            <\/div>\n          <\/div>\n          <div class=\"h-column h-column-container d-flex h-col-lg-auto h-col-md-auto h-col-auto style-1540-outer style-local-1173-c11-outer\">\n            <div data-colibri-id=\"1173-c11\" class=\"d-flex h-flex-basis h-column__inner h-ui-empty-state-container h-px-lg-2 h-px-md-2 h-px-2 v-inner-lg-2 v-inner-md-2 v-inner-2 style-1540 style-local-1173-c11 position-relative\">\n              <!---->\n              <!---->\n              <div class=\"w-100 h-y-container h-column__content h-column__v-align flex-basis-100\">\n                <!---->\n              <\/div>\n            <\/div>\n          <\/div>\n          <div class=\"h-column h-column-container d-flex h-col-lg-auto h-col-md-auto h-col-auto style-1541-outer style-local-1173-c13-outer\">\n            <div data-colibri-id=\"1173-c13\" class=\"d-flex h-flex-basis h-column__inner h-ui-empty-state-container h-px-lg-2 h-px-md-2 h-px-2 v-inner-lg-2 v-inner-md-2 v-inner-2 style-1541 style-local-1173-c13 position-relative\">\n              <!---->\n              <!---->\n              <div class=\"w-100 h-y-container h-column__content h-column__v-align flex-basis-100\">\n                <!---->\n              <\/div>\n            <\/div>\n          <\/div>\n        <\/div>\n      <\/div>\n    <\/div>\n  <\/div>\n  <div data-colibri-component=\"section\" data-colibri-id=\"1173-c15\" id=\"custom-2\" class=\"h-section h-section-global-spacing d-flex align-items-lg-center align-items-md-center align-items-center style-1542 style-local-1173-c15 position-relative\">\n    <!---->\n    <!---->\n    <div class=\"h-section-grid-container h-section-boxed-container\">\n      <!---->\n      <div data-colibri-id=\"1173-c16\" class=\"h-row-container gutters-row-lg-2 gutters-row-md-2 gutters-row-0 gutters-row-v-lg-2 gutters-row-v-md-2 gutters-row-v-2 style-1543 style-local-1173-c16 position-relative\">\n        <!---->\n        <div class=\"h-row justify-content-lg-center justify-content-md-center justify-content-center align-items-lg-stretch align-items-md-stretch align-items-stretch gutters-col-lg-2 gutters-col-md-2 gutters-col-0 gutters-col-v-lg-2 gutters-col-v-md-2 gutters-col-v-2\">\n          <!---->\n          <div class=\"h-column h-column-container d-flex h-col-lg-auto h-col-md-auto h-col-auto style-1544-outer style-local-1173-c17-outer\">\n            <div data-colibri-id=\"1173-c17\" class=\"d-flex h-flex-basis h-column__inner h-px-lg-2 h-px-md-2 h-px-2 v-inner-lg-2 v-inner-md-2 v-inner-2 style-1544 style-local-1173-c17 position-relative\">\n              <!---->\n              <!---->\n              <div class=\"w-100 h-y-container h-column__content h-column__v-align flex-basis-100 align-self-lg-start align-self-md-start align-self-start\">\n                <!---->\n                <div data-colibri-id=\"1173-c18\" class=\"h-global-transition-all h-heading style-1550 style-local-1173-c18 position-relative h-element\">\n                  <!---->\n                  <div class=\"h-heading__outer style-1550 style-local-1173-c18\">\n                    <!---->\n                    <!---->\n                    <h5 class=\"\">Pour le plaisir<\/h5>\n                  <\/div>\n                <\/div>\n                <div data-colibri-id=\"1173-c19\" class=\"h-text h-text-component style-1553 style-local-1173-c19 position-relative h-element\">\n                  <!---->\n                  <!---->\n                  <div class=\"\">\n                    <p>Au vu de la grande vari\u00e9t\u00e9 des champignons et des diff\u00e9rents modes de pr\u00e9paration, il est possible de trouver des recettes pour tous les go\u00fbts.<\/p>\n                  <\/div>\n                <\/div>\n              <\/div>\n            <\/div>\n          <\/div>\n          <div class=\"h-column h-column-container d-flex h-col-lg-auto h-col-md-auto h-col-auto style-1545-outer style-local-1173-c20-outer\">\n            <div data-colibri-id=\"1173-c20\" class=\"d-flex h-flex-basis h-column__inner h-px-lg-2 h-px-md-2 h-px-2 v-inner-lg-2 v-inner-md-2 v-inner-2 style-1545 style-local-1173-c20 position-relative\">\n              <!---->\n              <!---->\n              <div class=\"w-100 h-y-container h-column__content h-column__v-align flex-basis-100 align-self-lg-start align-self-md-start align-self-start\">\n                <!---->\n                <div data-colibri-id=\"1173-c21\" class=\"h-global-transition-all h-heading style-1551 style-local-1173-c21 position-relative h-element\">\n                  <!---->\n                  <div class=\"h-heading__outer style-1551 style-local-1173-c21\">\n                    <!---->\n                    <!---->\n                    <h5 class=\"\">Pour la sant\u00e9<\/h5>\n                  <\/div>\n                <\/div>\n                <div data-colibri-id=\"1173-c22\" class=\"h-text h-text-component style-1554 style-local-1173-c22 position-relative h-element\">\n                  <!---->\n                  <!---->\n                  <div class=\"\">\n                    <p>Les champignons sont riches en s\u00e9l\u00e9nium et ont un effet positif sur le syst\u00e8me immunitaire.<\/p>\n                  <\/div>\n                <\/div>\n              <\/div>\n            <\/div>\n          <\/div>\n          <div class=\"h-column h-column-container d-flex h-col-lg-auto h-col-md-auto h-col-auto style-1546-outer style-local-1173-c23-outer\">\n            <div data-colibri-id=\"1173-c23\" class=\"d-flex h-flex-basis h-column__inner h-px-lg-2 h-px-md-2 h-px-2 v-inner-lg-2 v-inner-md-2 v-inner-2 style-1546 style-local-1173-c23 position-relative\">\n              <!---->\n              <!---->\n              <div class=\"w-100 h-y-container h-column__content h-column__v-align flex-basis-100 align-self-lg-start align-self-md-start align-self-start\">\n                <!---->\n                <div data-colibri-id=\"1173-c24\" class=\"h-global-transition-all h-heading style-1552 style-local-1173-c24 position-relative h-element\">\n                  <!---->\n                  <div class=\"h-heading__outer style-1552 style-local-1173-c24\">\n                    <!---->\n                    <!---->\n                    <h5 class=\"\">Pour la plan\u00e8te<\/h5>\n                  <\/div>\n                <\/div>\n                <div data-colibri-id=\"1173-c25\" class=\"h-text h-text-component style-1555 style-local-1173-c25 position-relative h-element\">\n                  <!---->\n                  <!---->\n                  <div class=\"\">\n                    <p>On consommera toujours de pr\u00e9f\u00e9rence des champignons de saison, par respect pour la plan\u00e8te.<\/p>\n                  <\/div>\n                <\/div>\n              <\/div>\n            <\/div>\n          <\/div>\n        <\/div>\n      <\/div>\n    <\/div>\n  <\/div>\n<\/div>","protected":false},"excerpt":{"rendered":"<p>Les champignons&nbsp; Pour le plaisir Au vu de la grande vari\u00e9t\u00e9 des champignons et des diff\u00e9rents modes de pr\u00e9paration, il est possible de trouver des recettes pour tous les go\u00fbts. Pour la sant\u00e9 Les champignons sont riches en s\u00e9l\u00e9nium et ont un effet positif sur le syst\u00e8me immunitaire. Pour la plan\u00e8te On consommera toujours de [&hellip;]<\/p>\n","protected":false},"author":1,"featured_media":0,"parent":0,"menu_order":0,"comment_status":"closed","ping_status":"closed","template":"page-templates\/full-width-page.php","meta":{"footnotes":""},"class_list":["post-1173","page","type-page","status-publish","hentry"],"_links":{"self":[{"href":"https:\/\/sante-nutrition.be\/index.php\/wp-json\/wp\/v2\/pages\/1173","targetHints":{"allow":["GET"]}}],"collection":[{"href":"https:\/\/sante-nutrition.be\/index.php\/wp-json\/wp\/v2\/pages"}],"about":[{"href":"https:\/\/sante-nutrition.be\/index.php\/wp-json\/wp\/v2\/types\/page"}],"author":[{"embeddable":true,"href":"https:\/\/sante-nutrition.be\/index.php\/wp-json\/wp\/v2\/users\/1"}],"replies":[{"embeddable":true,"href":"https:\/\/sante-nutrition.be\/index.php\/wp-json\/wp\/v2\/comments?post=1173"}],"version-history":[{"count":4,"href":"https:\/\/sante-nutrition.be\/index.php\/wp-json\/wp\/v2\/pages\/1173\/revisions"}],"predecessor-version":[{"id":2119,"href":"https:\/\/sante-nutrition.be\/index.php\/wp-json\/wp\/v2\/pages\/1173\/revisions\/2119"}],"wp:attachment":[{"href":"https:\/\/sante-nutrition.be\/index.php\/wp-json\/wp\/v2\/media?parent=1173"}],"curies":[{"name":"wp","href":"https:\/\/api.w.org\/{rel}","templated":true}]}}