{"id":1169,"date":"2023-11-22T11:24:10","date_gmt":"2023-11-22T10:24:10","guid":{"rendered":"https:\/\/sante-nutrition.be\/index.php\/lhuile-de-colza\/"},"modified":"2025-12-17T16:42:25","modified_gmt":"2025-12-17T15:42:25","slug":"lhuile-de-colza","status":"publish","type":"page","link":"https:\/\/sante-nutrition.be\/index.php\/lhuile-de-colza\/","title":{"rendered":"L&#8217;huile de colza"},"content":{"rendered":"<div data-colibri-id=\"1169-c1\" class=\"style-1427 style-local-1169-c1 position-relative\">\n  <!---->\n  <div data-colibri-component=\"section\" data-colibri-id=\"1169-c2\" id=\"about\" class=\"h-section h-section-global-spacing d-flex align-items-lg-center align-items-md-center align-items-center style-1428 style-local-1169-c2 position-relative\">\n    <!---->\n    <!---->\n    <div class=\"h-section-grid-container h-section-boxed-container\">\n      <!---->\n      <div data-colibri-id=\"1169-c3\" class=\"h-row-container gutters-row-lg-1 gutters-row-md-1 gutters-row-0 gutters-row-v-lg-1 gutters-row-v-md-1 gutters-row-v-1 style-1429 style-local-1169-c3 position-relative\">\n        <!---->\n        <div class=\"h-row justify-content-lg-center justify-content-md-center justify-content-center align-items-lg-stretch align-items-md-stretch align-items-stretch gutters-col-lg-1 gutters-col-md-1 gutters-col-0 gutters-col-v-lg-1 gutters-col-v-md-1 gutters-col-v-1\">\n          <!---->\n          <div class=\"h-column h-column-container d-flex h-col-lg-auto h-col-md-auto h-col-auto style-1431-outer style-local-1169-c5-outer\">\n            <div data-colibri-id=\"1169-c5\" class=\"d-flex h-flex-basis h-column__inner h-px-lg-3 h-px-md-3 h-px-3 v-inner-lg-2 v-inner-md-2 v-inner-2 style-1431 style-local-1169-c5 position-relative\">\n              <!---->\n              <!---->\n              <div class=\"w-100 h-y-container h-column__content h-column__v-align flex-basis-100 align-self-lg-start align-self-md-start align-self-start\">\n                <!---->\n                <div data-colibri-id=\"1169-c6\" class=\"h-text h-text-component style-1434 style-local-1169-c6 position-relative h-element\">\n                  <!---->\n                  <!---->\n                  <div class=\"\">\n                    <p>Voici notre 4\u00e8me aliment vedette : l&#8217;huile de colza<\/p>\n                    <p>Souvent peu utilis\u00e9e en comparaison \u00e0 l\u2019huile d\u2019olive, il s\u2019agit pourtant de l\u2019huile offrant le meilleur rapport om\u00e9ga-3\/om\u00e9ga-6.<\/p>\n                    <p>Les om\u00e9ga-3 sont les lipides favorables au bon fonctionnement de notre cerveau. De plus, ils ont une action anti-inflammatoire et sont protecteurs des maladies cardio-vasculaires. On essayera donc d\u2019en consommer en quantit\u00e9 suffisante.<\/p>\n                    <p>Pour cela, l\u2019huile de colza est un aliment pr\u00e9cieux !<\/p>\n                    <p>On peut l\u2019utiliser pour assaisonner des salades mais \u00e9galement pour tous les types de cuissons : elle peut \u00eatre chauff\u00e9e jusqu\u2019\u00e0 180\u00b0C.<\/p>\n                    <p>Acheter de l\u2019huile de colza ( de pr\u00e9f\u00e9rence dans des bouteille en verre color\u00e9) est un geste tout simple qui vous permettra de vous orienter vers une nutrition sant\u00e9.<\/p>\n                    <p>Il faut arr\u00eater de penser qu\u2019il faut manger moins gras : il faut surtout manger mieux gras !<\/p>\n                  <\/div>\n                <\/div>\n              <\/div>\n            <\/div>\n          <\/div>\n        <\/div>\n      <\/div>\n    <\/div>\n  <\/div>\n  <div data-colibri-component=\"section\" data-colibri-id=\"1169-c15\" id=\"custom-2\" class=\"h-section h-section-global-spacing d-flex align-items-lg-center align-items-md-center align-items-center style-1440 style-local-1169-c15 position-relative\">\n    <!---->\n    <!---->\n    <div class=\"h-section-grid-container h-section-boxed-container\">\n      <!---->\n      <div data-colibri-id=\"1169-c16\" class=\"h-row-container gutters-row-lg-2 gutters-row-md-2 gutters-row-0 gutters-row-v-lg-2 gutters-row-v-md-2 gutters-row-v-2 style-1441 style-local-1169-c16 position-relative\">\n        <!---->\n        <div class=\"h-row justify-content-lg-center justify-content-md-center justify-content-center align-items-lg-stretch align-items-md-stretch align-items-stretch gutters-col-lg-2 gutters-col-md-2 gutters-col-0 gutters-col-v-lg-2 gutters-col-v-md-2 gutters-col-v-2\">\n          <!---->\n          <div class=\"h-column h-column-container d-flex h-col-lg-auto h-col-md-auto h-col-auto style-1442-outer style-local-1169-c17-outer\">\n            <div data-colibri-id=\"1169-c17\" class=\"d-flex h-flex-basis h-column__inner h-px-lg-2 h-px-md-2 h-px-2 v-inner-lg-2 v-inner-md-2 v-inner-2 style-1442 style-local-1169-c17 position-relative\">\n              <!---->\n              <!---->\n              <div class=\"w-100 h-y-container h-column__content h-column__v-align flex-basis-100 align-self-lg-start align-self-md-start align-self-start\">\n                <!---->\n                <div data-colibri-id=\"1169-c18\" class=\"h-global-transition-all h-heading style-1455 style-local-1169-c18 position-relative h-element\">\n                  <!---->\n                  <div class=\"h-heading__outer style-1455 style-local-1169-c18\">\n                    <!---->\n                    <!---->\n                    <h5 class=\"\">Pour le plaisir<\/h5>\n                  <\/div>\n                <\/div>\n                <div data-colibri-id=\"1169-c19\" class=\"h-text h-text-component style-1454 style-local-1169-c19 position-relative h-element\">\n                  <!---->\n                  <!---->\n                  <div class=\"\">\n                    <p>Les huiles de premi\u00e8re qualit\u00e9 sont des atouts gastronomiques : elles r\u00e9v\u00e8lent le go\u00fbt, les saveurs et sont \u00e0 l&#8217;origine de l&#8217;onctuosit\u00e9.<\/p>\n                  <\/div>\n                <\/div>\n              <\/div>\n            <\/div>\n          <\/div>\n          <div class=\"h-column h-column-container d-flex h-col-lg-auto h-col-md-auto h-col-auto style-1443-outer style-local-1169-c20-outer\">\n            <div data-colibri-id=\"1169-c20\" class=\"d-flex h-flex-basis h-column__inner h-px-lg-2 h-px-md-2 h-px-2 v-inner-lg-2 v-inner-md-2 v-inner-2 style-1443 style-local-1169-c20 position-relative\">\n              <!---->\n              <!---->\n              <div class=\"w-100 h-y-container h-column__content h-column__v-align flex-basis-100 align-self-lg-start align-self-md-start align-self-start\">\n                <!---->\n                <div data-colibri-id=\"1169-c21\" class=\"h-global-transition-all h-heading style-1456 style-local-1169-c21 position-relative h-element\">\n                  <!---->\n                  <div class=\"h-heading__outer style-1456 style-local-1169-c21\">\n                    <!---->\n                    <!---->\n                    <h5 class=\"\">Pour la sant\u00e9<\/h5>\n                  <\/div>\n                <\/div>\n                <div data-colibri-id=\"1169-c22\" class=\"h-text h-text-component style-1453 style-local-1169-c22 position-relative h-element\">\n                  <!---->\n                  <!---->\n                  <div class=\"\">\n                    <p>L&#8217;huile de colza contient des om\u00e9ga-3 qui permettent de nous prot\u00e9ger contre les maladies cardio-vasculaires, le diab\u00e8te, la maladie d&#8217;Alzheimer, la d\u00e9pression, les allergies et les rhumes.<\/p>\n                  <\/div>\n                <\/div>\n              <\/div>\n            <\/div>\n          <\/div>\n          <div class=\"h-column h-column-container d-flex h-col-lg-auto h-col-md-auto h-col-auto style-1444-outer style-local-1169-c23-outer\">\n            <div data-colibri-id=\"1169-c23\" class=\"d-flex h-flex-basis h-column__inner h-px-lg-2 h-px-md-2 h-px-2 v-inner-lg-2 v-inner-md-2 v-inner-2 style-1444 style-local-1169-c23 position-relative\">\n              <!---->\n              <!---->\n              <div class=\"w-100 h-y-container h-column__content h-column__v-align flex-basis-100 align-self-lg-start align-self-md-start align-self-start\">\n                <!---->\n                <div data-colibri-id=\"1169-c24\" class=\"h-global-transition-all h-heading style-1457 style-local-1169-c24 position-relative h-element\">\n                  <!---->\n                  <div class=\"h-heading__outer style-1457 style-local-1169-c24\">\n                    <!---->\n                    <!---->\n                    <h5 class=\"\">Pour la plan\u00e8te<\/h5>\n                  <\/div>\n                <\/div>\n                <div data-colibri-id=\"1169-c25\" class=\"h-text h-text-component style-1452 style-local-1169-c25 position-relative h-element\">\n                  <!---->\n                  <!---->\n                  <div class=\"\">\n                    <p>Le colza est une plante qui ne demande pas une grande quantit\u00e9 d&#8217;eau, compar\u00e9 aux autres plantes desquelles on extrait de l&#8217;huile (comme le tournesol ou le ma\u00efs par exemple).&nbsp;<\/p>\n                  <\/div>\n                <\/div>\n              <\/div>\n            <\/div>\n          <\/div>\n        <\/div>\n      <\/div>\n    <\/div>\n  <\/div>\n  <div data-colibri-component=\"section\" data-colibri-id=\"1169-c26\" id=\"custom-3\" class=\"h-section h-section-global-spacing d-flex align-items-lg-center align-items-md-center align-items-center style-1445 style-local-1169-c26 position-relative\">\n    <!---->\n    <!---->\n    <div class=\"h-section-grid-container h-section-boxed-container\">\n      <!---->\n      <div data-colibri-id=\"1169-c27\" class=\"h-row-container gutters-row-lg-2 gutters-row-md-2 gutters-row-0 gutters-row-v-lg-2 gutters-row-v-md-2 gutters-row-v-2 style-1458 style-local-1169-c27 position-relative\">\n        <!---->\n        <div class=\"h-row justify-content-lg-center justify-content-md-center justify-content-center align-items-lg-stretch align-items-md-stretch align-items-stretch gutters-col-lg-2 gutters-col-md-2 gutters-col-0 gutters-col-v-lg-2 gutters-col-v-md-2 gutters-col-v-2\">\n          <!---->\n          <div class=\"h-column h-column-container d-flex h-col-lg-auto h-col-md-auto h-col-auto style-1459-outer style-local-1169-c28-outer\">\n            <div data-colibri-id=\"1169-c28\" class=\"d-flex h-flex-basis h-column__inner h-px-lg-2 h-px-md-2 h-px-2 v-inner-lg-2 v-inner-md-2 v-inner-2 style-1459 style-local-1169-c28 position-relative\">\n              <!---->\n              <!---->\n              <div class=\"w-100 h-y-container h-column__content h-column__v-align flex-basis-100 align-self-lg-start align-self-md-start align-self-start\">\n                <!---->\n                <div data-colibri-id=\"1169-c29\" class=\"h-global-transition-all h-heading style-1460 style-local-1169-c29 position-relative h-element\">\n                  <!---->\n                  <div class=\"h-heading__outer style-1460 style-local-1169-c29\">\n                    <!---->\n                    <!---->\n                    <h3 class=\"\">Zoom sur les huiles&nbsp;<\/h3>\n                  <\/div>\n                <\/div>\n              <\/div>\n            <\/div>\n          <\/div>\n        <\/div>\n      <\/div>\n      <div data-colibri-id=\"1169-c30\" class=\"h-row-container gutters-row-lg-2 gutters-row-md-2 gutters-row-0 gutters-row-v-lg-2 gutters-row-v-md-2 gutters-row-v-2 style-1446 style-local-1169-c30 position-relative\">\n        <!---->\n        <div class=\"h-row justify-content-lg-center justify-content-md-center justify-content-center align-items-lg-stretch align-items-md-stretch align-items-stretch gutters-col-lg-2 gutters-col-md-2 gutters-col-0 gutters-col-v-lg-2 gutters-col-v-md-2 gutters-col-v-2\">\n          <!---->\n          <div class=\"h-column h-column-container d-flex h-col-lg-auto h-col-md-auto h-col-auto style-1447-outer style-local-1169-c31-outer\">\n            <div data-colibri-id=\"1169-c31\" class=\"d-flex h-flex-basis h-column__inner h-px-lg-2 h-px-md-2 h-px-2 v-inner-lg-2 v-inner-md-2 v-inner-2 style-1447 style-local-1169-c31 position-relative\">\n              <!---->\n              <!---->\n              <div class=\"w-100 h-y-container h-column__content h-column__v-align flex-basis-100 align-self-lg-start align-self-md-start align-self-start\">\n                <!---->\n                <div data-colibri-id=\"1169-c32\" class=\"d-block style-1461 style-local-1169-c32 position-relative h-element\">\n                  <!---->\n                  <div class=\"h-image__frame-container-outer\">\n                    <div class=\"h-image__frame-container\">\n                      <!---->\n                      <!---->\n                      <img data-dominant-color=\"f1e5db\" data-has-transparency=\"true\" style=\"--dominant-color: #f1e5db;\" fetchpriority=\"high\" decoding=\"async\" width=\"2128\" height=\"1264\" src=\"http:\/\/sante-nutrition.be\/wp-content\/uploads\/2023\/11\/Capture-decran-2023-11-22-a-11.59.56.png\" class=\"has-transparency wp-image-1233 style-1461-image style-local-1169-c32-image\" alt=\"\" srcset=\"https:\/\/sante-nutrition.be\/wp-content\/uploads\/2023\/11\/Capture-decran-2023-11-22-a-11.59.56.png 2128w, https:\/\/sante-nutrition.be\/wp-content\/uploads\/2023\/11\/Capture-decran-2023-11-22-a-11.59.56-300x178.png 300w, https:\/\/sante-nutrition.be\/wp-content\/uploads\/2023\/11\/Capture-decran-2023-11-22-a-11.59.56-1024x608.png 1024w, https:\/\/sante-nutrition.be\/wp-content\/uploads\/2023\/11\/Capture-decran-2023-11-22-a-11.59.56-768x456.png 768w, https:\/\/sante-nutrition.be\/wp-content\/uploads\/2023\/11\/Capture-decran-2023-11-22-a-11.59.56-1536x912.png 1536w, https:\/\/sante-nutrition.be\/wp-content\/uploads\/2023\/11\/Capture-decran-2023-11-22-a-11.59.56-2048x1216.png 2048w\" sizes=\"(max-width: 2128px) 100vw, 2128px\" \/>\n                      <div class=\"h-image__frame h-hide-lg h-hide-md h-hide-sm style-1461-frameImage style-local-1169-c32-frameImage\"><\/div>\n                    <\/div>\n                  <\/div>\n                <\/div>\n              <\/div>\n            <\/div>\n          <\/div>\n        <\/div>\n      <\/div>\n      <div data-colibri-id=\"1169-c33\" class=\"h-row-container gutters-row-lg-2 gutters-row-md-2 gutters-row-0 gutters-row-v-lg-2 gutters-row-v-md-2 gutters-row-v-2 style-1462 style-local-1169-c33 position-relative\">\n        <!---->\n        <div class=\"h-row justify-content-lg-center justify-content-md-center justify-content-center align-items-lg-stretch align-items-md-stretch align-items-stretch gutters-col-lg-2 gutters-col-md-2 gutters-col-0 gutters-col-v-lg-2 gutters-col-v-md-2 gutters-col-v-2\">\n          <!---->\n          <div class=\"h-column h-column-container d-flex h-col-lg-auto h-col-md-auto h-col-auto style-1463-outer style-local-1169-c34-outer\">\n            <div data-colibri-id=\"1169-c34\" class=\"d-flex h-flex-basis h-column__inner h-px-lg-2 h-px-md-2 h-px-2 v-inner-lg-2 v-inner-md-2 v-inner-2 style-1463 style-local-1169-c34 position-relative\">\n              <!---->\n              <!---->\n              <div class=\"w-100 h-y-container h-column__content h-column__v-align flex-basis-100 align-self-lg-start align-self-md-start align-self-start\">\n                <!---->\n                <div data-colibri-id=\"1169-c35\" class=\"h-text h-text-component style-1464 style-local-1169-c35 position-relative h-element\">\n                  <!---->\n                  <!---->\n                  <div class=\"\">\n                    <p>Cette illustration montre les huiles qu&#8217;il est pr\u00e9f\u00e9rable d&#8217;utiliser (\u00e0 gauche) et celles qu&#8217;il vaut mieux \u00e9viter (\u00e0 droite)&nbsp;selon leur composition en acide gras. Les om\u00e9ga-3 sont b\u00e9n\u00e9fiques pour la sant\u00e9 alors que les graisses\n                      satur\u00e9es sont d\u00e9favorables. L&#8217;objectif de notre alimentation est de s&#8217;orienter vers le rapport om\u00e9ga-3\/om\u00e9ga-6 le plus \u00e9lev\u00e9 possible.<\/p>\n                  <\/div>\n                <\/div>\n              <\/div>\n            <\/div>\n          <\/div>\n        <\/div>\n      <\/div>\n    <\/div>\n  <\/div>\n<\/div>","protected":false},"excerpt":{"rendered":"<p>Voici notre 4\u00e8me aliment vedette : l&#8217;huile de colza Souvent peu utilis\u00e9e en comparaison \u00e0 l\u2019huile d\u2019olive, il s\u2019agit pourtant de l\u2019huile offrant le meilleur rapport om\u00e9ga-3\/om\u00e9ga-6. Les om\u00e9ga-3 sont les lipides favorables au bon fonctionnement de notre cerveau. De plus, ils ont une action anti-inflammatoire et sont protecteurs des maladies cardio-vasculaires. On essayera donc [&hellip;]<\/p>\n","protected":false},"author":1,"featured_media":0,"parent":0,"menu_order":0,"comment_status":"closed","ping_status":"closed","template":"page-templates\/full-width-page.php","meta":{"footnotes":""},"class_list":["post-1169","page","type-page","status-publish","hentry"],"_links":{"self":[{"href":"https:\/\/sante-nutrition.be\/index.php\/wp-json\/wp\/v2\/pages\/1169","targetHints":{"allow":["GET"]}}],"collection":[{"href":"https:\/\/sante-nutrition.be\/index.php\/wp-json\/wp\/v2\/pages"}],"about":[{"href":"https:\/\/sante-nutrition.be\/index.php\/wp-json\/wp\/v2\/types\/page"}],"author":[{"embeddable":true,"href":"https:\/\/sante-nutrition.be\/index.php\/wp-json\/wp\/v2\/users\/1"}],"replies":[{"embeddable":true,"href":"https:\/\/sante-nutrition.be\/index.php\/wp-json\/wp\/v2\/comments?post=1169"}],"version-history":[{"count":5,"href":"https:\/\/sante-nutrition.be\/index.php\/wp-json\/wp\/v2\/pages\/1169\/revisions"}],"predecessor-version":[{"id":2212,"href":"https:\/\/sante-nutrition.be\/index.php\/wp-json\/wp\/v2\/pages\/1169\/revisions\/2212"}],"wp:attachment":[{"href":"https:\/\/sante-nutrition.be\/index.php\/wp-json\/wp\/v2\/media?parent=1169"}],"curies":[{"name":"wp","href":"https:\/\/api.w.org\/{rel}","templated":true}]}}