{"id":1167,"date":"2023-11-22T11:24:02","date_gmt":"2023-11-22T10:24:02","guid":{"rendered":"https:\/\/sante-nutrition.be\/index.php\/leau\/"},"modified":"2025-12-17T16:37:14","modified_gmt":"2025-12-17T15:37:14","slug":"leau","status":"publish","type":"page","link":"https:\/\/sante-nutrition.be\/index.php\/leau\/","title":{"rendered":"L&#8217;eau"},"content":{"rendered":"<div data-colibri-id=\"1167-c1\" class=\"style-1383 style-local-1167-c1 position-relative\">\n  <!---->\n  <div data-colibri-component=\"section\" data-colibri-id=\"1167-c2\" id=\"about\" class=\"h-section h-section-global-spacing d-flex align-items-lg-center align-items-md-center align-items-center style-1384 style-local-1167-c2 position-relative\">\n    <!---->\n    <!---->\n    <div class=\"h-section-grid-container h-section-boxed-container\">\n      <!---->\n      <div data-colibri-id=\"1167-c3\" class=\"h-row-container gutters-row-lg-1 gutters-row-md-1 gutters-row-0 gutters-row-v-lg-1 gutters-row-v-md-1 gutters-row-v-1 style-1385 style-local-1167-c3 position-relative\">\n        <!---->\n        <div class=\"h-row justify-content-lg-center justify-content-md-center justify-content-center align-items-lg-stretch align-items-md-stretch align-items-stretch gutters-col-lg-1 gutters-col-md-1 gutters-col-0 gutters-col-v-lg-1 gutters-col-v-md-1 gutters-col-v-1\">\n          <!---->\n          <div class=\"h-column h-column-container d-flex h-col-lg-auto h-col-md-auto h-col-auto style-1387-outer style-local-1167-c5-outer\">\n            <div data-colibri-id=\"1167-c5\" class=\"d-flex h-flex-basis h-column__inner h-px-lg-3 h-px-md-3 h-px-3 v-inner-lg-2 v-inner-md-2 v-inner-2 style-1387 style-local-1167-c5 position-relative\">\n              <!---->\n              <!---->\n              <div class=\"w-100 h-y-container h-column__content h-column__v-align flex-basis-100 align-self-lg-start align-self-md-start align-self-start\">\n                <!---->\n                <div data-colibri-id=\"1167-c6\" class=\"h-text h-text-component style-1390 style-local-1167-c6 position-relative h-element\">\n                  <!---->\n                  <!---->\n                  <div class=\"\">\n                    <p>L&#8217;eau est un des aliments incontournables de notre top 20 ! <\/p>\n                    <p>En effet, la consommation d\u2019eau est indispensable pour le bon fonctionnement de notre corps : elle permet de lutter contre la fatigue, d\u2019\u00eatre en bonne forme physique et mentale, d\u2019am\u00e9liorer la concentration\u2026 <\/p>\n                    <p>Par respect pour notre plan\u00e8te, on privil\u00e9gie la consommation d&#8217;eau du robinet, sauf dans certains cas pr\u00e9cis comme chez les nouveau-n\u00e9s ou les femmes enceintes. <\/p>\n                    <p>Cette consommation doit \u00eatre abondante : lorsque l\u2019on ressent la soif, cela signifie que nous sommes d\u00e9j\u00e0 d\u00e9shydrat\u00e9s. Il faut donc boire de l\u2019eau en continu, tout au long de la journ\u00e9e avec pour un objectif facile \u00e0 visualiser : l\u2019obtention\n                      d\u2019urines claires. <\/p>\n                  <\/div>\n                <\/div>\n              <\/div>\n            <\/div>\n          <\/div>\n        <\/div>\n      <\/div>\n    <\/div>\n  <\/div>\n  <div data-colibri-component=\"section\" data-colibri-id=\"1167-c15\" id=\"custom-2\" class=\"h-section h-section-global-spacing d-flex align-items-lg-center align-items-md-center align-items-center style-1396 style-local-1167-c15 position-relative\">\n    <!---->\n    <!---->\n    <div class=\"h-section-grid-container h-section-boxed-container\">\n      <!---->\n      <div data-colibri-id=\"1167-c16\" class=\"h-row-container gutters-row-lg-2 gutters-row-md-2 gutters-row-0 gutters-row-v-lg-2 gutters-row-v-md-2 gutters-row-v-2 style-1397 style-local-1167-c16 position-relative\">\n        <!---->\n        <div class=\"h-row justify-content-lg-center justify-content-md-center justify-content-center align-items-lg-stretch align-items-md-stretch align-items-stretch gutters-col-lg-2 gutters-col-md-2 gutters-col-0 gutters-col-v-lg-2 gutters-col-v-md-2 gutters-col-v-2\">\n          <!---->\n          <div class=\"h-column h-column-container d-flex h-col-lg-auto h-col-md-auto h-col-auto style-1398-outer style-local-1167-c17-outer\">\n            <div data-colibri-id=\"1167-c17\" class=\"d-flex h-flex-basis h-column__inner h-px-lg-2 h-px-md-2 h-px-2 v-inner-lg-2 v-inner-md-2 v-inner-2 style-1398 style-local-1167-c17 position-relative\">\n              <!---->\n              <!---->\n              <div class=\"w-100 h-y-container h-column__content h-column__v-align flex-basis-100 align-self-lg-start align-self-md-start align-self-start\">\n                <!---->\n                <div data-colibri-id=\"1167-c18\" class=\"h-global-transition-all h-heading style-1404 style-local-1167-c18 position-relative h-element\">\n                  <!---->\n                  <div class=\"h-heading__outer style-1404 style-local-1167-c18\">\n                    <!---->\n                    <!---->\n                    <h5 class=\"\">Pour le plaisir<\/h5>\n                  <\/div>\n                <\/div>\n                <div data-colibri-id=\"1167-c19\" class=\"h-text h-text-component style-1405 style-local-1167-c19 position-relative h-element\">\n                  <!---->\n                  <!---->\n                  <div class=\"\">\n                    <p>Fraiche ou temp\u00e9r\u00e9e, plate ou p\u00e9tillante, ou m\u00eame dans les boissons sant\u00e9 comme le th\u00e9 ou le caf\u00e9, on retrouve l&#8217;eau dans nos boissons du quotidien.<\/p>\n                  <\/div>\n                <\/div>\n              <\/div>\n            <\/div>\n          <\/div>\n          <div class=\"h-column h-column-container d-flex h-col-lg-auto h-col-md-auto h-col-auto style-1399-outer style-local-1167-c20-outer\">\n            <div data-colibri-id=\"1167-c20\" class=\"d-flex h-flex-basis h-column__inner h-px-lg-2 h-px-md-2 h-px-2 v-inner-lg-2 v-inner-md-2 v-inner-2 style-1399 style-local-1167-c20 position-relative\">\n              <!---->\n              <!---->\n              <div class=\"w-100 h-y-container h-column__content h-column__v-align flex-basis-100 align-self-lg-start align-self-md-start align-self-start\">\n                <!---->\n                <div data-colibri-id=\"1167-c21\" class=\"h-global-transition-all h-heading style-1406 style-local-1167-c21 position-relative h-element\">\n                  <!---->\n                  <div class=\"h-heading__outer style-1406 style-local-1167-c21\">\n                    <!---->\n                    <!---->\n                    <h5 class=\"\">Pour la sant\u00e9<\/h5>\n                  <\/div>\n                <\/div>\n                <div data-colibri-id=\"1167-c22\" class=\"h-text h-text-component style-1407 style-local-1167-c22 position-relative h-element\">\n                  <!---->\n                  <!---->\n                  <div class=\"\">\n                    <p>Une consommation abondante d&#8217;eau est la base d&#8217;une vitalit\u00e9 r\u00e9ussie ! Boire en suffisance nous aide \u00e0 \u00e9liminer les toxiques, \u00e0 \u00e9viter les infections urinaires et \u00e0 ralentir le vieillissement de la peau.<\/p>\n                  <\/div>\n                <\/div>\n              <\/div>\n            <\/div>\n          <\/div>\n          <div class=\"h-column h-column-container d-flex h-col-lg-auto h-col-md-auto h-col-auto style-1400-outer style-local-1167-c23-outer\">\n            <div data-colibri-id=\"1167-c23\" class=\"d-flex h-flex-basis h-column__inner h-px-lg-2 h-px-md-2 h-px-2 v-inner-lg-2 v-inner-md-2 v-inner-2 style-1400 style-local-1167-c23 position-relative\">\n              <!---->\n              <!---->\n              <div class=\"w-100 h-y-container h-column__content h-column__v-align flex-basis-100 align-self-lg-start align-self-md-start align-self-start\">\n                <!---->\n                <div data-colibri-id=\"1167-c24\" class=\"h-global-transition-all h-heading style-1408 style-local-1167-c24 position-relative h-element\">\n                  <!---->\n                  <div class=\"h-heading__outer style-1408 style-local-1167-c24\">\n                    <!---->\n                    <!---->\n                    <h5 class=\"\">Pour la plan\u00e8te<\/h5>\n                  <\/div>\n                <\/div>\n                <div data-colibri-id=\"1167-c25\" class=\"h-text h-text-component style-1409 style-local-1167-c25 position-relative h-element\">\n                  <!---->\n                  <!---->\n                  <div class=\"\">\n                    <p>L&#8217;eau du robinet est accessible, \u00e9conomique et durable. On peut la mettre au frigo au pr\u00e9alable pour \u00e9viter le go\u00fbt de chlore.&nbsp;<\/p>\n                  <\/div>\n                <\/div>\n              <\/div>\n            <\/div>\n          <\/div>\n        <\/div>\n      <\/div>\n    <\/div>\n  <\/div>\n  <div data-colibri-component=\"section\" data-colibri-id=\"1167-c26\" id=\"custom-3\" class=\"h-section h-section-global-spacing d-flex align-items-lg-center align-items-md-center align-items-center style-1410 style-local-1167-c26 position-relative\">\n    <!---->\n    <!---->\n    <div class=\"h-section-grid-container h-section-boxed-container\">\n      <!---->\n      <div data-colibri-id=\"1167-c27\" class=\"h-row-container gutters-row-lg-2 gutters-row-md-2 gutters-row-0 gutters-row-v-lg-2 gutters-row-v-md-2 gutters-row-v-2 style-1415 style-local-1167-c27 position-relative\">\n        <!---->\n        <div class=\"h-row justify-content-lg-center justify-content-md-center justify-content-center align-items-lg-stretch align-items-md-stretch align-items-stretch gutters-col-lg-2 gutters-col-md-2 gutters-col-0 gutters-col-v-lg-2 gutters-col-v-md-2 gutters-col-v-2\">\n          <!---->\n          <div class=\"h-column h-column-container d-flex h-col-lg-auto h-col-md-auto h-col-auto style-1416-outer style-local-1167-c28-outer\">\n            <div data-colibri-id=\"1167-c28\" class=\"d-flex h-flex-basis h-column__inner h-px-lg-2 h-px-md-2 h-px-2 v-inner-lg-2 v-inner-md-2 v-inner-2 style-1416 style-local-1167-c28 position-relative\">\n              <!---->\n              <!---->\n              <div class=\"w-100 h-y-container h-column__content h-column__v-align flex-basis-100 align-self-lg-start align-self-md-start align-self-start\">\n                <!---->\n                <div data-colibri-id=\"1167-c29\" class=\"h-global-transition-all h-heading style-1417 style-local-1167-c29 position-relative h-element\">\n                  <!---->\n                  <div class=\"h-heading__outer style-1417 style-local-1167-c29\">\n                    <!---->\n                    <!---->\n                    <h3 class=\"\">Les eaux sp\u00e9cifiques<\/h3>\n                  <\/div>\n                <\/div>\n              <\/div>\n            <\/div>\n          <\/div>\n        <\/div>\n      <\/div>\n      <div data-colibri-id=\"1167-c30\" class=\"h-row-container gutters-row-lg-2 gutters-row-md-2 gutters-row-0 gutters-row-v-lg-2 gutters-row-v-md-2 gutters-row-v-2 style-1411 style-local-1167-c30 position-relative\">\n        <!---->\n        <div class=\"h-row justify-content-lg-center justify-content-md-center justify-content-center align-items-lg-stretch align-items-md-stretch align-items-stretch gutters-col-lg-2 gutters-col-md-2 gutters-col-0 gutters-col-v-lg-2 gutters-col-v-md-2 gutters-col-v-2\">\n          <!---->\n          <div class=\"h-column h-column-container d-flex h-col-lg-auto h-col-md-auto h-col-auto style-1412-outer style-local-1167-c31-outer\">\n            <div data-colibri-id=\"1167-c31\" class=\"d-flex h-flex-basis h-column__inner h-px-lg-2 h-px-md-2 h-px-2 v-inner-lg-2 v-inner-md-2 v-inner-2 style-1412 style-local-1167-c31 position-relative\">\n              <!---->\n              <!---->\n              <div class=\"w-100 h-y-container h-column__content h-column__v-align flex-basis-100 align-self-lg-start align-self-md-start align-self-start\">\n                <!---->\n                <div data-colibri-id=\"1167-c32\" class=\"h-global-transition-all h-heading style-1422 style-local-1167-c32 position-relative h-element\">\n                  <!---->\n                  <div class=\"h-heading__outer style-1422 style-local-1167-c32\">\n                    <!---->\n                    <!---->\n                    <h5 class=\"\">L&#8217;eau filtr\u00e9e<\/h5>\n                  <\/div>\n                <\/div>\n                <div data-colibri-id=\"1167-c33\" class=\"h-text h-text-component style-1420 style-local-1167-c33 position-relative h-element\">\n                  <!---->\n                  <!---->\n                  <div class=\"\">\n                    <p>&nbsp;Que ce soit avec du charbon actif ou filtre, il s&#8217;agit d&#8217;un bon compromis pour la sant\u00e9. Il faut cependant bien veiller \u00e0 respecter la dur\u00e9e de vie du filtre sinon des effets contraires peuvent apparaitre.&nbsp;<\/p>\n                  <\/div>\n                <\/div>\n              <\/div>\n            <\/div>\n          <\/div>\n          <div class=\"h-column h-column-container d-flex h-col-lg-auto h-col-md-auto h-col-auto style-1413-outer style-local-1167-c34-outer\">\n            <div data-colibri-id=\"1167-c34\" class=\"d-flex h-flex-basis h-column__inner h-px-lg-2 h-px-md-2 h-px-2 v-inner-lg-2 v-inner-md-2 v-inner-2 style-1413 style-local-1167-c34 position-relative\">\n              <!---->\n              <!---->\n              <div class=\"w-100 h-y-container h-column__content h-column__v-align flex-basis-100 align-self-lg-start align-self-md-start align-self-start\">\n                <!---->\n                <div data-colibri-id=\"1167-c35\" class=\"h-global-transition-all h-heading style-1423 style-local-1167-c35 position-relative h-element\">\n                  <!---->\n                  <div class=\"h-heading__outer style-1423 style-local-1167-c35\">\n                    <!---->\n                    <!---->\n                    <h5 class=\"\">L&#8217;eau en bouteille<\/h5>\n                  <\/div>\n                <\/div>\n                <div data-colibri-id=\"1167-c36\" class=\"h-text h-text-component style-1418 style-local-1167-c36 position-relative h-element\">\n                  <!---->\n                  <!---->\n                  <div class=\"\">\n                    <p>Leur richesse en min\u00e9raux et oligo-\u00e9l\u00e9ments peut \u00eatre int\u00e9ressante \u00e0 certains \u00e2ges de la vie ou dans des situations sp\u00e9cifiques : nourrissons, femmes enceintes, personnes \u00e2g\u00e9es&#8230;&nbsp;<\/p>\n                  <\/div>\n                <\/div>\n              <\/div>\n            <\/div>\n          <\/div>\n          <div class=\"h-column h-column-container d-flex h-col-lg-auto h-col-md-auto h-col-auto style-1419-outer style-local-1167-c37-outer\">\n            <div data-colibri-id=\"1167-c37\" class=\"d-flex h-flex-basis h-column__inner h-px-lg-2 h-px-md-2 h-px-2 v-inner-lg-2 v-inner-md-2 v-inner-2 style-1419 style-local-1167-c37 position-relative\">\n              <!---->\n              <!---->\n              <div class=\"w-100 h-y-container h-column__content h-column__v-align flex-basis-100 align-self-lg-start align-self-md-start align-self-start\">\n                <!---->\n                <div data-colibri-id=\"1167-c38\" class=\"h-global-transition-all h-heading style-1424 style-local-1167-c38 position-relative h-element\">\n                  <!---->\n                  <div class=\"h-heading__outer style-1424 style-local-1167-c38\">\n                    <!---->\n                    <!---->\n                    <h5 class=\"\">L&#8217;eau aromatis\u00e9e<\/h5>\n                  <\/div>\n                <\/div>\n                <div data-colibri-id=\"1167-c39\" class=\"h-text h-text-component style-1421 style-local-1167-c39 position-relative h-element\">\n                  <!---->\n                  <!---->\n                  <div class=\"\">\n                    <p>C&#8217;est un bon compromis pour ceux qui se lasseraient rapidement de l&#8217;eau plate. En plus, cela permet de consommer des fruits et l\u00e9gumes d&#8217;une autres fa\u00e7on.&nbsp;<\/p>\n                  <\/div>\n                <\/div>\n              <\/div>\n            <\/div>\n          <\/div>\n        <\/div>\n      <\/div>\n    <\/div>\n  <\/div>\n<\/div>","protected":false},"excerpt":{"rendered":"<p>L&#8217;eau est un des aliments incontournables de notre top 20 ! En effet, la consommation d\u2019eau est indispensable pour le bon fonctionnement de notre corps : elle permet de lutter contre la fatigue, d\u2019\u00eatre en bonne forme physique et mentale, d\u2019am\u00e9liorer la concentration\u2026 Par respect pour notre plan\u00e8te, on privil\u00e9gie la consommation d&#8217;eau du robinet, [&hellip;]<\/p>\n","protected":false},"author":1,"featured_media":0,"parent":0,"menu_order":0,"comment_status":"closed","ping_status":"closed","template":"page-templates\/full-width-page.php","meta":{"footnotes":""},"class_list":["post-1167","page","type-page","status-publish","hentry"],"_links":{"self":[{"href":"https:\/\/sante-nutrition.be\/index.php\/wp-json\/wp\/v2\/pages\/1167","targetHints":{"allow":["GET"]}}],"collection":[{"href":"https:\/\/sante-nutrition.be\/index.php\/wp-json\/wp\/v2\/pages"}],"about":[{"href":"https:\/\/sante-nutrition.be\/index.php\/wp-json\/wp\/v2\/types\/page"}],"author":[{"embeddable":true,"href":"https:\/\/sante-nutrition.be\/index.php\/wp-json\/wp\/v2\/users\/1"}],"replies":[{"embeddable":true,"href":"https:\/\/sante-nutrition.be\/index.php\/wp-json\/wp\/v2\/comments?post=1167"}],"version-history":[{"count":6,"href":"https:\/\/sante-nutrition.be\/index.php\/wp-json\/wp\/v2\/pages\/1167\/revisions"}],"predecessor-version":[{"id":2163,"href":"https:\/\/sante-nutrition.be\/index.php\/wp-json\/wp\/v2\/pages\/1167\/revisions\/2163"}],"wp:attachment":[{"href":"https:\/\/sante-nutrition.be\/index.php\/wp-json\/wp\/v2\/media?parent=1167"}],"curies":[{"name":"wp","href":"https:\/\/api.w.org\/{rel}","templated":true}]}}